{"id":9245,"date":"2025-10-24T14:49:15","date_gmt":"2025-10-24T14:49:15","guid":{"rendered":"https:\/\/www.hicopres.com\/?post_type=product&#038;p=9245"},"modified":"2025-12-29T21:23:41","modified_gmt":"2025-12-29T21:23:41","slug":"hp-100-pk-aep-dt","status":"publish","type":"product","link":"https:\/\/www.hicopres.com\/en\/product\/hp-100-pk-aep-dt\/","title":{"rendered":"HP 100 PK AEP DT"},"content":{"rendered":"<div id=\"talepformu\" class=\"wpforms-head-container\">\n<h3 class=\"wpforms-title\"><strong>Request Form<\/strong><\/h3>\n<div class=\"wpforms-description\">You can contact us for your purchasing and service requests regarding our products.<\/div>\n<\/div>\n<div class=\"wpforms-container\" id=\"wpforms-9116\"><form id=\"wpforms-form-9116\" class=\"wpforms-validate wpforms-form\" data-formid=\"9116\" method=\"post\" enctype=\"multipart\/form-data\" action=\"\/en\/wp-json\/wp\/v2\/product\/9245\" data-token=\"150a90600e4dbc0970aa9f0abd07a8f2\" data-token-time=\"1777556827\" data-trp-original-action=\"\/en\/wp-json\/wp\/v2\/product\/9245\"><noscript class=\"wpforms-error-noscript\">Please enable JavaScript in your browser to complete this form.<\/noscript><div class=\"wpforms-field-container\"><div id=\"wpforms-9116-field_8-container\" class=\"wpforms-field wpforms-field-radio wpforms-list-2-columns\" data-field-id=\"8\"><label class=\"wpforms-field-label\">Request Type<\/label><ul id=\"wpforms-9116-field_8\"><li class=\"choice-1 depth-1\"><input type=\"radio\" id=\"wpforms-9116-field_8_1\" name=\"wpforms[fields][8]\" value=\"\u00dcr\u00fcn Talebi\"  ><label class=\"wpforms-field-label-inline\" for=\"wpforms-9116-field_8_1\">Product Request<\/label><\/li><li class=\"choice-2 depth-1\"><input type=\"radio\" id=\"wpforms-9116-field_8_2\" name=\"wpforms[fields][8]\" value=\"Servis Talebi\"  ><label class=\"wpforms-field-label-inline\" for=\"wpforms-9116-field_8_2\">Service Request<\/label><\/li><\/ul><\/div><div id=\"wpforms-9116-field_4-container\" class=\"wpforms-field wpforms-field-name\" data-field-id=\"4\"><label class=\"wpforms-field-label\" for=\"wpforms-9116-field_4\">Name Surname <span class=\"wpforms-required-label\">*<\/span><\/label><div class=\"wpforms-field-row wpforms-field-large\"><div class=\"wpforms-field-row-block wpforms-first wpforms-one-half\"><input type=\"text\" id=\"wpforms-9116-field_4\" class=\"wpforms-field-name-first wpforms-field-required\" name=\"wpforms[fields][4][first]\" placeholder=\"Name\" required><label for=\"wpforms-9116-field_4\" class=\"wpforms-field-sublabel after wpforms-sublabel-hide\">First<\/label><\/div><div class=\"wpforms-field-row-block wpforms-one-half\"><input type=\"text\" id=\"wpforms-9116-field_4-last\" class=\"wpforms-field-name-last wpforms-field-required\" name=\"wpforms[fields][4][last]\" placeholder=\"Surname\" required><label for=\"wpforms-9116-field_4-last\" class=\"wpforms-field-sublabel after wpforms-sublabel-hide\">Last<\/label><\/div><\/div><\/div><div id=\"wpforms-9116-field_5-container\" class=\"wpforms-field wpforms-field-text\" data-field-id=\"5\"><label class=\"wpforms-field-label\" for=\"wpforms-9116-field_5\">Company <span class=\"wpforms-required-label\">*<\/span><\/label><input type=\"text\" id=\"wpforms-9116-field_5\" class=\"wpforms-field-large wpforms-field-required\" name=\"wpforms[fields][5]\" required><\/div><div id=\"wpforms-9116-field_7-container\" class=\"wpforms-field wpforms-field-number\" data-field-id=\"7\"><label class=\"wpforms-field-label\" for=\"wpforms-9116-field_7\">Phone <span class=\"wpforms-required-label\">*<\/span><\/label><input type=\"number\" id=\"wpforms-9116-field_7\" class=\"wpforms-field-large wpforms-field-required\" name=\"wpforms[fields][7]\" step=\"any\" required><\/div><div id=\"wpforms-9116-field_1-container\" class=\"wpforms-field wpforms-field-email\" data-field-id=\"1\"><label class=\"wpforms-field-label\" for=\"wpforms-9116-field_1\">e-mail <span class=\"wpforms-required-label\">*<\/span><\/label><input type=\"email\" id=\"wpforms-9116-field_1\" class=\"wpforms-field-large wpforms-field-required\" name=\"wpforms[fields][1]\" spellcheck=\"false\" required><\/div><div id=\"wpforms-9116-field_2-container\" class=\"wpforms-field wpforms-field-textarea\" data-field-id=\"2\"><label class=\"wpforms-field-label\" for=\"wpforms-9116-field_2\">Message <span class=\"wpforms-required-label\">*<\/span><\/label><textarea id=\"wpforms-9116-field_2\" class=\"wpforms-field-medium wpforms-field-required\" name=\"wpforms[fields][2]\" required><\/textarea><\/div><\/div><!-- .wpforms-field-container --><div class=\"wpforms-field wpforms-field-hp\"><label for=\"wpforms-9116-field-hp\" class=\"wpforms-field-label\">Email<\/label><input type=\"text\" name=\"wpforms[hp]\" id=\"wpforms-9116-field-hp\" class=\"wpforms-field-medium\"><\/div><div class=\"wpforms-submit-container\" ><input type=\"hidden\" name=\"wpforms[id]\" value=\"9116\"><input type=\"hidden\" name=\"page_title\" value=\"\"><input type=\"hidden\" name=\"page_url\" value=\"https:\/\/www.hicopres.com\/en\/wp-json\/wp\/v2\/product\/9245\"><input type=\"hidden\" name=\"url_referer\" value=\"\"><button type=\"submit\" name=\"wpforms[submit]\" id=\"wpforms-submit-9116\" class=\"wpforms-submit\" data-alt-text=\"G\u00d6NDER\u0130L\u0130YOR...\" data-submit-text=\"MESAJ G\u00d6NDER\" aria-live=\"assertive\" value=\"wpforms-submit\">SEND MESSAGE<\/button><\/div><input type=\"hidden\" name=\"trp-form-language\" value=\"en\"\/><\/form><\/div>  <!-- .wpforms-container -->","protected":false},"excerpt":{"rendered":"<div class=\"hico-main-wrapper\">\n<p>                    <a href=\"https:\/\/www.hicopres.com\/wp-content\/uploads\/2025\/12\/DT.HP_100_PK_AEP_DT_Technical-Specifications.pdf\" class=\"hico-item\" target=\"_blank\"><\/p>\n<div class=\"hico-icon-box\">\n                    <i class=\"fa-regular fa-file-pdf\"><\/i>\n                <\/div>\n<div class=\"hico-btn-text translation-block\">VIEW TECHNICAL SPECIFICATIONS<\/div>\n<p>            <\/a><\/p>\n<p>        <a href=\"#talepformu\" class=\"hico-item\"><\/p>\n<div class=\"hico-icon-box\">\n                <i class=\"fa-regular fa-pen-to-square\"><\/i>\n            <\/div>\n<div class=\"hico-btn-text\">\n                REQUEST FORM\n            <\/div>\n<p>        <\/a>\n    <\/div>\n<p class=\"translation-block\"><strong>Standard Features:<\/strong><br>\n\u2022 Steel Construction Body<br>\n\u2022 Pneumatic Clutch<br>\n\u2022 Adjustable Stroke<br>\n\u2022 Full Eccentric Shaft<br>\n\u2022 Liner System in Connecting Rod<br>\n\u2022 Central Lubrication<br>\n\u2022 Adjustable Rear Guides<br>\n\u2022 Ram Guided on 6 Surfaces<br>\n\u2022 Ratchet Ram Adjustment<br>\n\u2022 Hydraulic Overload Protection System<br>\n\u2022 Gearbox Welded to the Body<br>\n\u2022 Gears Operating in Enclosed Oil Bath System<br>\n\u2022 T-Slotted Table<br>\n\u2022 Material and Scrap Chute<br>\n\u2022 Electrical and Timer Controlled Automatic Grease Lubrication System<br>\n\u2022 Foot Pedal<br>\n\u2022 Two-Hand Control System<br>\n\u2022 Single \u2013 Continuous \u2013 Intermittent Stroke \u2013 Drive Mode Options<br>\n\u2022 PLC Controlled<br>\n\u2022 7\u2033 Operator Panel<br>\n\u2022 3-Color Warning Light<br>\n\u2022 Safety PLC<br>\n\u2022 Conformity to CE Directives<br>\n\u2022 Light Barrier and Guard<br>\n\u2022 Press Safety Valve<br>\n\u2022 Pneumatic Ram Balancing Cylinders<\/p>\n<p class=\"translation-block\"><strong>Optional Features:<\/strong><br>\n\u2022 Adjustable Speed Control<br>\nSystem<\/p>","protected":false},"featured_media":10024,"comment_status":"closed","ping_status":"closed","template":"","meta":{"site-sidebar-layout":"default","site-content-layout":"default","ast-site-content-layout":"default","site-content-style":"default","site-sidebar-style":"default","ast-global-header-display":"","ast-banner-title-visibility":"","ast-main-header-display":"","ast-hfb-above-header-display":"","ast-hfb-below-header-display":"","ast-hfb-mobile-header-display":"","site-post-title":"","ast-breadcrumbs-content":"","ast-featured-img":"","footer-sml-layout":"","ast-disable-related-posts":"","theme-transparent-header-meta":"default","adv-header-id-meta":"","stick-header-meta":"default","header-above-stick-meta":"","header-main-stick-meta":"","header-below-stick-meta":"","astra-migrate-meta-layouts":"set","ast-page-background-enabled":"default","ast-page-background-meta":{"desktop":{"background-color":"","background-image":"","background-repeat":"repeat","background-position":"center center","background-size":"auto","background-attachment":"scroll","background-type":"","background-media":"","overlay-type":"","overlay-color":"","overlay-opacity":"","overlay-gradient":""},"tablet":{"background-color":"","background-image":"","background-repeat":"repeat","background-position":"center center","background-size":"auto","background-attachment":"scroll","background-type":"","background-media":"","overlay-type":"","overlay-color":"","overlay-opacity":"","overlay-gradient":""},"mobile":{"background-color":"","background-image":"","background-repeat":"repeat","background-position":"center center","background-size":"auto","background-attachment":"scroll","background-type":"","background-media":"","overlay-type":"","overlay-color":"","overlay-opacity":"","overlay-gradient":""}},"ast-content-background-meta":{"desktop":{"background-color":"var(--ast-global-color-5)","background-image":"","background-repeat":"repeat","background-position":"center center","background-size":"auto","background-attachment":"scroll","background-type":"","background-media":"","overlay-type":"","overlay-color":"","overlay-opacity":"","overlay-gradient":""},"tablet":{"background-color":"var(--ast-global-color-5)","background-image":"","background-repeat":"repeat","background-position":"center center","background-size":"auto","background-attachment":"scroll","background-type":"","background-media":"","overlay-type":"","overlay-color":"","overlay-opacity":"","overlay-gradient":""},"mobile":{"background-color":"var(--ast-global-color-5)","background-image":"","background-repeat":"repeat","background-position":"center center","background-size":"auto","background-attachment":"scroll","background-type":"","background-media":"","overlay-type":"","overlay-color":"","overlay-opacity":"","overlay-gradient":""}}},"product_brand":[],"product_cat":[61],"product_tag":[],"class_list":{"0":"post-9245","1":"product","2":"type-product","3":"status-publish","4":"has-post-thumbnail","6":"product_cat-d-type","7":"desktop-align-center","8":"tablet-align-center","9":"mobile-align-center","10":"ast-product-gallery-layout-horizontal","11":"ast-magnify-disabled","12":"ast-product-tabs-layout-horizontal","14":"first","15":"instock","16":"shipping-taxable","17":"product-type-simple"},"_links":{"self":[{"href":"https:\/\/www.hicopres.com\/en\/wp-json\/wp\/v2\/product\/9245","targetHints":{"allow":["GET"]}}],"collection":[{"href":"https:\/\/www.hicopres.com\/en\/wp-json\/wp\/v2\/product"}],"about":[{"href":"https:\/\/www.hicopres.com\/en\/wp-json\/wp\/v2\/types\/product"}],"replies":[{"embeddable":true,"href":"https:\/\/www.hicopres.com\/en\/wp-json\/wp\/v2\/comments?post=9245"}],"wp:featuredmedia":[{"embeddable":true,"href":"https:\/\/www.hicopres.com\/en\/wp-json\/wp\/v2\/media\/10024"}],"wp:attachment":[{"href":"https:\/\/www.hicopres.com\/en\/wp-json\/wp\/v2\/media?parent=9245"}],"wp:term":[{"taxonomy":"product_brand","embeddable":true,"href":"https:\/\/www.hicopres.com\/en\/wp-json\/wp\/v2\/product_brand?post=9245"},{"taxonomy":"product_cat","embeddable":true,"href":"https:\/\/www.hicopres.com\/en\/wp-json\/wp\/v2\/product_cat?post=9245"},{"taxonomy":"product_tag","embeddable":true,"href":"https:\/\/www.hicopres.com\/en\/wp-json\/wp\/v2\/product_tag?post=9245"}],"curies":[{"name":"wp","href":"https:\/\/api.w.org\/{rel}","templated":true}]}}