{"id":8762,"date":"2025-07-29T15:14:59","date_gmt":"2025-07-29T15:14:59","guid":{"rendered":"https:\/\/www.hicopres.com\/?post_type=product&#038;p=8762"},"modified":"2025-12-30T08:55:02","modified_gmt":"2025-12-30T08:55:02","slug":"tek-biyel-kollu-h","status":"publish","type":"product","link":"https:\/\/www.hicopres.com\/en\/product\/tek-biyel-kollu-h\/","title":{"rendered":"160 Ton 420 mm Stroke High Precision Eccentric Press"},"content":{"rendered":"<p><strong style=\"font-size: 1.5em;\">Request Form<\/strong><\/p>\n<div id=\"talepformu\" class=\"wpforms-head-container\">\n<div class=\"wpforms-description\">You can contact us for your purchasing and service requests regarding our products.<\/div>\n<\/div>\n<div class=\"wpforms-container\" id=\"wpforms-9116\"><form id=\"wpforms-form-9116\" class=\"wpforms-validate wpforms-form\" data-formid=\"9116\" method=\"post\" enctype=\"multipart\/form-data\" action=\"\/en\/wp-json\/wp\/v2\/product\/8762\" data-token=\"bc232e432cac668367ae036870a36deb\" data-token-time=\"1778913314\" data-trp-original-action=\"\/en\/wp-json\/wp\/v2\/product\/8762\"><noscript class=\"wpforms-error-noscript\">Please enable JavaScript in your browser to complete this form.<\/noscript><div class=\"wpforms-field-container\"><div id=\"wpforms-9116-field_8-container\" class=\"wpforms-field wpforms-field-radio wpforms-list-2-columns\" data-field-id=\"8\"><label class=\"wpforms-field-label\">Request Type<\/label><ul id=\"wpforms-9116-field_8\"><li class=\"choice-1 depth-1\"><input type=\"radio\" id=\"wpforms-9116-field_8_1\" name=\"wpforms[fields][8]\" value=\"\u00dcr\u00fcn Talebi\"  ><label class=\"wpforms-field-label-inline\" for=\"wpforms-9116-field_8_1\">Product Request<\/label><\/li><li class=\"choice-2 depth-1\"><input type=\"radio\" id=\"wpforms-9116-field_8_2\" name=\"wpforms[fields][8]\" value=\"Servis Talebi\"  ><label class=\"wpforms-field-label-inline\" for=\"wpforms-9116-field_8_2\">Service Request<\/label><\/li><\/ul><\/div><div id=\"wpforms-9116-field_4-container\" class=\"wpforms-field wpforms-field-name\" data-field-id=\"4\"><label class=\"wpforms-field-label\" for=\"wpforms-9116-field_4\">Name Surname <span class=\"wpforms-required-label\">*<\/span><\/label><div class=\"wpforms-field-row wpforms-field-large\"><div class=\"wpforms-field-row-block wpforms-first wpforms-one-half\"><input type=\"text\" id=\"wpforms-9116-field_4\" class=\"wpforms-field-name-first wpforms-field-required\" name=\"wpforms[fields][4][first]\" placeholder=\"Name\" required><label for=\"wpforms-9116-field_4\" class=\"wpforms-field-sublabel after wpforms-sublabel-hide\">First<\/label><\/div><div class=\"wpforms-field-row-block wpforms-one-half\"><input type=\"text\" id=\"wpforms-9116-field_4-last\" class=\"wpforms-field-name-last wpforms-field-required\" name=\"wpforms[fields][4][last]\" placeholder=\"Surname\" required><label for=\"wpforms-9116-field_4-last\" class=\"wpforms-field-sublabel after wpforms-sublabel-hide\">Last<\/label><\/div><\/div><\/div><div id=\"wpforms-9116-field_5-container\" class=\"wpforms-field wpforms-field-text\" data-field-id=\"5\"><label class=\"wpforms-field-label\" for=\"wpforms-9116-field_5\">Company <span class=\"wpforms-required-label\">*<\/span><\/label><input type=\"text\" id=\"wpforms-9116-field_5\" class=\"wpforms-field-large wpforms-field-required\" name=\"wpforms[fields][5]\" required><\/div><div id=\"wpforms-9116-field_7-container\" class=\"wpforms-field wpforms-field-number\" data-field-id=\"7\"><label class=\"wpforms-field-label\" for=\"wpforms-9116-field_7\">Phone <span class=\"wpforms-required-label\">*<\/span><\/label><input type=\"number\" id=\"wpforms-9116-field_7\" class=\"wpforms-field-large wpforms-field-required\" name=\"wpforms[fields][7]\" step=\"any\" required><\/div><div id=\"wpforms-9116-field_1-container\" class=\"wpforms-field wpforms-field-email\" data-field-id=\"1\"><label class=\"wpforms-field-label\" for=\"wpforms-9116-field_1\">e-mail <span class=\"wpforms-required-label\">*<\/span><\/label><input type=\"email\" id=\"wpforms-9116-field_1\" class=\"wpforms-field-large wpforms-field-required\" name=\"wpforms[fields][1]\" spellcheck=\"false\" required><\/div><div id=\"wpforms-9116-field_2-container\" class=\"wpforms-field wpforms-field-textarea\" data-field-id=\"2\"><label class=\"wpforms-field-label\" for=\"wpforms-9116-field_2\">Message <span class=\"wpforms-required-label\">*<\/span><\/label><textarea id=\"wpforms-9116-field_2\" class=\"wpforms-field-medium wpforms-field-required\" name=\"wpforms[fields][2]\" required><\/textarea><\/div><\/div><!-- .wpforms-field-container --><div class=\"wpforms-field wpforms-field-hp\"><label for=\"wpforms-9116-field-hp\" class=\"wpforms-field-label\">Message<\/label><input type=\"text\" name=\"wpforms[hp]\" id=\"wpforms-9116-field-hp\" class=\"wpforms-field-medium\"><\/div><div class=\"wpforms-submit-container\" ><input type=\"hidden\" name=\"wpforms[id]\" value=\"9116\"><input type=\"hidden\" name=\"page_title\" value=\"\"><input type=\"hidden\" name=\"page_url\" value=\"https:\/\/www.hicopres.com\/en\/wp-json\/wp\/v2\/product\/8762\"><input type=\"hidden\" name=\"url_referer\" value=\"\"><button type=\"submit\" name=\"wpforms[submit]\" id=\"wpforms-submit-9116\" class=\"wpforms-submit\" data-alt-text=\"G\u00d6NDER\u0130L\u0130YOR...\" data-submit-text=\"MESAJ G\u00d6NDER\" aria-live=\"assertive\" value=\"wpforms-submit\">SEND MESSAGE<\/button><\/div><input type=\"hidden\" name=\"trp-form-language\" value=\"en\"\/><\/form><\/div>  <!-- .wpforms-container -->","protected":false},"excerpt":{"rendered":"<div class=\"hico-main-wrapper\">\n<p>        <a href=\"#talepformu\" class=\"hico-item\"><\/p>\n<div class=\"hico-icon-box\">\n                <i class=\"fa-regular fa-pen-to-square\"><\/i>\n            <\/div>\n<div class=\"hico-btn-text\">\n                REQUEST FORM\n            <\/div>\n<p>        <\/a>\n    <\/div>\n<p><strong>Features<\/strong><\/p>\n<p class=\"translation-block\">\u2022 Single Connecting Rod Design<br>\n\u2022 Steel Construction Body<br>\n\u2022 Pneumatic Clutches &amp; Brakes <br>\n\u2022 420 mm Fixed Stroke<br>\n\u2022 Liner Sheet System on Connecting Rod<br>\n\u2022 Central Lubrication System<br>\n\u2022 8-Surface Slided Ram<br>\n\u2022 Motorized Adjustment (250 mm)<br>\n\u2022 Mold Memory with Encoder Ram Adjustment<br>\n\u2022 Hydraulic Overload Protection<br>\n\u2022 Double Reduction Gear System<br>\n\u2022 Gearbox Welded to Body<br>\n\u2022 Gears Closed System in Oil<br>\n\u2022 T-Slot Ram<br>\n\u2022 T-Slot Main Table<br>\n\u2022 T-Slot Additional Table<br>\n\u2022 Foot Pedal<br>\n\u2022 Dual Hand Button Box<br>\n\u2022 Single-Continuous-Intermittent Stroke-Drive Mode Options<br>\n\u2022 3-Color and Audible Warning Top Lamp<br>\n\u2022 PLC Application<br>\n\u2022 Safety PLC<br>\n\u2022 10\u201d Touch Screen and Operator Panel<br>\n\u2022 Automatic Reverse Fluid Lubrication<br>\n\u2022 Adjustable Speed System<br>\n\u2022 Crank Angle Tracking with Encoder<br>\n\u2022 Crank and Connecting Rod Temperature Measurements<br>\n\u2022 Remote Connection via Wi-Fi<br>\n\u2022 Compliance with CE Directives<br>\n\u2022 4 Sets of Light Barriers<br>\n\u2022 Press Safety Valve<br>\n\u2022 Ram Cushioning Cylinders<br>\n\u2022 Pneumatic Bottom Extractor<br>\n\u2022 Sensors in Covers<br><\/p>","protected":false},"featured_media":9366,"comment_status":"closed","ping_status":"closed","template":"","meta":{"site-sidebar-layout":"default","site-content-layout":"default","ast-site-content-layout":"default","site-content-style":"default","site-sidebar-style":"default","ast-global-header-display":"","ast-banner-title-visibility":"","ast-main-header-display":"","ast-hfb-above-header-display":"","ast-hfb-below-header-display":"","ast-hfb-mobile-header-display":"","site-post-title":"","ast-breadcrumbs-content":"","ast-featured-img":"","footer-sml-layout":"","ast-disable-related-posts":"","theme-transparent-header-meta":"default","adv-header-id-meta":"","stick-header-meta":"default","header-above-stick-meta":"","header-main-stick-meta":"","header-below-stick-meta":"","astra-migrate-meta-layouts":"set","ast-page-background-enabled":"default","ast-page-background-meta":{"desktop":{"background-color":"","background-image":"","background-repeat":"repeat","background-position":"center center","background-size":"auto","background-attachment":"scroll","background-type":"","background-media":"","overlay-type":"","overlay-color":"","overlay-opacity":"","overlay-gradient":""},"tablet":{"background-color":"","background-image":"","background-repeat":"repeat","background-position":"center center","background-size":"auto","background-attachment":"scroll","background-type":"","background-media":"","overlay-type":"","overlay-color":"","overlay-opacity":"","overlay-gradient":""},"mobile":{"background-color":"","background-image":"","background-repeat":"repeat","background-position":"center center","background-size":"auto","background-attachment":"scroll","background-type":"","background-media":"","overlay-type":"","overlay-color":"","overlay-opacity":"","overlay-gradient":""}},"ast-content-background-meta":{"desktop":{"background-color":"var(--ast-global-color-5)","background-image":"","background-repeat":"repeat","background-position":"center center","background-size":"auto","background-attachment":"scroll","background-type":"","background-media":"","overlay-type":"","overlay-color":"","overlay-opacity":"","overlay-gradient":""},"tablet":{"background-color":"var(--ast-global-color-5)","background-image":"","background-repeat":"repeat","background-position":"center center","background-size":"auto","background-attachment":"scroll","background-type":"","background-media":"","overlay-type":"","overlay-color":"","overlay-opacity":"","overlay-gradient":""},"mobile":{"background-color":"var(--ast-global-color-5)","background-image":"","background-repeat":"repeat","background-position":"center center","background-size":"auto","background-attachment":"scroll","background-type":"","background-media":"","overlay-type":"","overlay-color":"","overlay-opacity":"","overlay-gradient":""}}},"product_brand":[],"product_cat":[75],"product_tag":[],"class_list":{"0":"post-8762","1":"product","2":"type-product","3":"status-publish","4":"has-post-thumbnail","6":"product_cat-ozel","7":"desktop-align-center","8":"tablet-align-center","9":"mobile-align-center","10":"ast-product-gallery-layout-horizontal","11":"ast-product-gallery-with-no-image","12":"ast-magnify-disabled","13":"ast-product-tabs-layout-horizontal","15":"first","16":"instock","17":"shipping-taxable","18":"product-type-simple"},"_links":{"self":[{"href":"https:\/\/www.hicopres.com\/en\/wp-json\/wp\/v2\/product\/8762","targetHints":{"allow":["GET"]}}],"collection":[{"href":"https:\/\/www.hicopres.com\/en\/wp-json\/wp\/v2\/product"}],"about":[{"href":"https:\/\/www.hicopres.com\/en\/wp-json\/wp\/v2\/types\/product"}],"replies":[{"embeddable":true,"href":"https:\/\/www.hicopres.com\/en\/wp-json\/wp\/v2\/comments?post=8762"}],"wp:featuredmedia":[{"embeddable":true,"href":"https:\/\/www.hicopres.com\/en\/wp-json\/wp\/v2\/media\/9366"}],"wp:attachment":[{"href":"https:\/\/www.hicopres.com\/en\/wp-json\/wp\/v2\/media?parent=8762"}],"wp:term":[{"taxonomy":"product_brand","embeddable":true,"href":"https:\/\/www.hicopres.com\/en\/wp-json\/wp\/v2\/product_brand?post=8762"},{"taxonomy":"product_cat","embeddable":true,"href":"https:\/\/www.hicopres.com\/en\/wp-json\/wp\/v2\/product_cat?post=8762"},{"taxonomy":"product_tag","embeddable":true,"href":"https:\/\/www.hicopres.com\/en\/wp-json\/wp\/v2\/product_tag?post=8762"}],"curies":[{"name":"wp","href":"https:\/\/api.w.org\/{rel}","templated":true}]}}